{"id":3826,"date":"2021-01-13T13:12:14","date_gmt":"2021-01-13T11:12:14","guid":{"rendered":"http:\/\/blog.new.bulldozair.com\/?page_id=3826"},"modified":"2021-01-13T13:12:15","modified_gmt":"2021-01-13T11:12:15","slug":"politique-de-confidentialite","status":"publish","type":"page","link":"https:\/\/blog.bulldozair.com\/fr\/politique-de-confidentialite","title":{"rendered":"Politique de confidentialit\u00e9"},"content":{"rendered":"\n<h1 class=\"has-text-align-center wp-block-heading\">Politique de Confidentialit\u00e9<\/h1>\n\n\n\n<h3 class=\"wp-block-heading\">Blockbase SAS<\/h3>\n\n\n\n<p><strong>Si\u00e8ge social<\/strong>&nbsp;: 130 rue de Lourmel \u2013 75015 \u2013 Paris, France<br><strong>N\u00b0 de Siret<\/strong>&nbsp;: 751 564 006 00045<br><strong>Code NAF<\/strong>&nbsp;: 6312Z<br><strong>Responsable de la r\u00e9daction<\/strong>&nbsp;: M. Ali El Hariri \u2013 Pr\u00e9sident Blockbase SAS<br><strong>E-mail<\/strong>&nbsp;: legal@bulldozair.com<br><strong>T\u00e9l\u00e9phone<\/strong>&nbsp;: +33 1 84 17 32 89<br><strong>H\u00e9bergement<\/strong>&nbsp;: le site www.bulldozair.com est h\u00e9berg\u00e9 par la soci\u00e9t\u00e9 Microsoft dont le si\u00e8ge en France est au 39, quai du Pr\u00e9sident Roosevelt, 92130, Issy les Moulineaux<\/p>\n\n\n\n<p>Cette politique de confidentialit\u00e9 (\u00ab Politique de Confidentialit\u00e9 \u00bb) fait partie des CGU. Chaque mot d\u00e9fini dans les CGU a la m\u00eame signification dans la Politique de Confidentialit\u00e9.<\/p>\n\n\n\n<p>En acc\u00e9dant et utilisant BulldozAIR, les Utilisateurs s\u2019engagent \u00e0 respecter et \u00e0 \u00eatre li\u00e9s par cette Politique de Confidentialit\u00e9, qui peut \u00eatre modifi\u00e9e ou mise \u00e0 jour \u00e0 tout moment sans pr\u00e9avis. Toute modification ou mise \u00e0 jour seront mises en ligne sur le Site.<\/p>\n\n\n\n<h3 class=\"wp-block-heading\">I. Nature des Donn\u00e9es \u00e0 Caract\u00e8re Personnel collect\u00e9es<\/h3>\n\n\n\n<p>Blockbase recueille et traite les donn\u00e9es que les Utilisateurs fournissent volontairement afin d\u2019acc\u00e9der ou d\u2019utiliser BulldozAIR ainsi que les donn\u00e9es relatives aux pr\u00e9f\u00e9rences des Utilisateurs et au trafic (comme les adresses IP).<br>Les finalit\u00e9s de ce traitement de donn\u00e9es sont de permettre aux Utilisateurs de cr\u00e9er un Compte pour acc\u00e9der \u00e0 BulldozAIR et utiliser les services, d\u2019am\u00e9liorer les services en pla\u00e7ant des cookies sur les terminaux des Utilisateurs et de leur envoyer des offres commerciales.<br>Les Utilisateurs doivent pour ouvrir un Compte fournir \u00e0 Blockbase \u00e0 tout le moins les informations personnelles d\u2019identification suivantes pour utiliser BulldozAIR :<\/p>\n\n\n\n<ul><li>Nom et Pr\u00e9nom<\/li><li>Adresse e-mail<\/li><li>Nom de la soci\u00e9t\u00e9<\/li><li>Num\u00e9ro de t\u00e9l\u00e9phone<\/li><\/ul>\n\n\n\n<p>Blockbase ne collectera jamais ou ne traitera jamais de Donn\u00e9es \u00e0 Caract\u00e8re Personnel concernant, directement ou indirectement, la race, la sant\u00e9, l\u2019orientation sexuelle, les opinions politiques, philosophiques et religieuses. Les Utilisateurs ne doivent pas stocker ces Donn\u00e9es \u00e0 Caract\u00e8re Personnel sur BulldozAIR.<\/p>\n\n\n\n<h3 class=\"wp-block-heading\">II. Donn\u00e9es autres qu\u2019\u00e0 Caract\u00e8re Personnel et cookies<\/h3>\n\n\n\n<p><strong>2.1. Trafic<\/strong><br>Les donn\u00e9es de trafic sont g\u00e9n\u00e9r\u00e9es lorsque les terminaux des Utilisateurs se connectent \u00e0 l\u2019internet et ne sont pas suffisantes seules pour les identifier. Blockbase peut recueillir les donn\u00e9es suivantes: origine de la connexion, le type et la version du navigateur Internet de l\u2019Utilisateur, la dur\u00e9e de connexion, etc.<br>Ces donn\u00e9es peuvent \u00eatre utilis\u00e9es \u00e0 des fins statistiques pour analyser le trafic et pour am\u00e9liorer BulldozAIR. Les donn\u00e9es de trafic sont toujours trait\u00e9es de fa\u00e7on anonyme.<\/p>\n\n\n\n<p><strong>2.2. Cookies<\/strong><\/p>\n\n\n\n<p>Blockbase d\u00e9pose des cookies sur les terminaux des Utilisateurs. Ces petits fichiers peuvent contenir, par exemple, les donn\u00e9es de trafic et les pr\u00e9f\u00e9rences des Utilisateurs.<br>Les objectifs des cookies plac\u00e9s par Blockbase sont les suivants :<\/p>\n\n\n\n<ul><li>authentifier les Utilisateurs ;<\/li><li>enregistrer les visites des Utilisateurs et leur origine ;<\/li><li>enregistrer le pays et le langage des Utilisateurs.<\/li><\/ul>\n\n\n\n<p>Les cookies sont obligatoires pour utiliser BulldozAIR et par cons\u00e9quent doivent \u00eatre accept\u00e9s par les Utilisateurs. Les Utilisateurs peuvent configurer leur navigateur pour d\u00e9sactiver les cookies ou les avertir avant d\u2019accepter un cookie sur les sites web qu\u2019ils visitent. Cependant, si les Utilisateurs d\u00e9sactivent les cookies, ils peuvent ne pas \u00eatre en mesure d\u2019utiliser toutes les parties de BulldozAIR, du Site ou toutes les fonctionnalit\u00e9s de BulldozAIR.<\/p>\n\n\n\n<h3 class=\"wp-block-heading\">III. Traitement des Donn\u00e9es \u00e0 Caract\u00e8re Personnel des Utilisateurs<\/h3>\n\n\n\n<p>Blockbase collecte et traite les Donn\u00e9es \u00e0 Caract\u00e8re Personnel des Utilisateurs d\u2019une mani\u00e8re loyale et licite et dans le respect de leurs droits. Blockbase est l\u2019entit\u00e9 responsable du traitement de Donn\u00e9es \u00e0 Caract\u00e8re Personnel des Utilisateurs.<\/p>\n\n\n\n<p>Le traitement des Donn\u00e9es \u00e0 Caract\u00e8re Personnel des Utilisateurs r\u00e9alis\u00e9 par Blockbase est d\u00e9clar\u00e9 aupr\u00e8s de l\u2019autorit\u00e9 fran\u00e7aise : la \u00ab Commission Nationale de l\u2019Informatique et des Libert\u00e9s \u00bb (CNIL).<\/p>\n\n\n\n<h3 class=\"wp-block-heading\">IV. Conservation des Donn\u00e9es \u00e0 Caract\u00e8re Personnel des Utilisateurs<\/h3>\n\n\n\n<p><strong>4.1. S\u00e9curit\u00e9<\/strong><br>Les Donn\u00e9es \u00e0 Caract\u00e8re Personnel communiqu\u00e9es par les Utilisateurs sont h\u00e9berg\u00e9es par Blockbase.<br>Blockbase met tout en \u0153uvre pour \u00e9viter toute ing\u00e9rence avec les Donn\u00e9es \u00e0 Caract\u00e8re Personnel des Utilisateurs, telle que la perte, le d\u00e9tournement, l\u2019intrusion, la divulgation non autoris\u00e9e, l\u2019alt\u00e9ration ou la destruction des Donn\u00e9es \u00e0 Caract\u00e8re Personnel.<br>Sans pr\u00e9judice de l\u2019alin\u00e9a suivant, les Donn\u00e9es \u00e0 Caract\u00e8re Personnel trait\u00e9es par Blockbase peuvent \u00eatre conserv\u00e9es si n\u00e9cessaire afin de respecter nos obligations l\u00e9gales, de r\u00e9soudre des litiges et de mettre en application nos accords.<\/p>\n\n\n\n<p><strong>4.2. Annulation de Compte<\/strong><br>Les Utilisateurs peuvent demander que leur Compte soit supprim\u00e9 en application des CGU. Leurs donn\u00e9es seront supprim\u00e9es par Blockbase sans pr\u00e9judice de la section 4.1 ci-dessus.<\/p>\n\n\n\n<h3 class=\"wp-block-heading\">V. Transfert des Donn\u00e9es \u00e0 Caract\u00e8re Personnel des Utilisateurs<\/h3>\n\n\n\n<p>Pour ex\u00e9cuter certaines fonctionnalit\u00e9s de BulldozAIR, les Donn\u00e9es \u00e0 Caract\u00e8re Personnel des Utilisateurs (comme les noms et adresses) peuvent transiter via les fournisseurs de Blockbase y compris, mais sans s\u2019y limiter \u00e0 : MailChimp, Mailjet, SendGrid.<br>Blockbase peut fournir des Donn\u00e9es \u00e0 Caract\u00e8re Personnel des Utilisateurs si cela est requis par la loi ou ordonn\u00e9 par une juridiction.<\/p>\n\n\n\n<h3 class=\"wp-block-heading\">VI. Communication de Blockbase<\/h3>\n\n\n\n<p>Blockbase peut envoyer des emails aux Utilisateurs \u00e0 l\u2019adresse \u00e9lectronique associ\u00e9e \u00e0 leur Compte pour des raisons techniques ou administratives ou pour informer les Utilisateurs de l\u2019\u00e9volution de ses services. Blockbase peut envoyer aux Utilisateurs des offres commerciales sans lien avec BulldozAIR, mais les Utilisateurs peuvent se d\u00e9sinscrire \u00e0 tout moment.<\/p>\n\n\n\n<h3 class=\"wp-block-heading\">VII. Droit d\u2019acc\u00e8s, de modification et de suppression des Donn\u00e9es \u00e0 Caract\u00e8re Personnel des Utilisateurs<\/h3>\n\n\n\n<p>Conform\u00e9ment \u00e0 la loi fran\u00e7aise du 6 Janvier 1978 dite \u00ab Informatique et Libert\u00e9s \u00bb, les Utilisateurs disposent d\u2019un droit d\u2019acc\u00e8s, de modification et d\u2019opposition au traitement, ils peuvent demander la suppression des Donn\u00e9es \u00e0 Caract\u00e8re Personnel collect\u00e9es ou trait\u00e9es par Blockbase (sauf stipulations de la section IV.).<br>Les Utilisateurs peuvent exercer ce droit en \u00e9crivant \u00e0 Blockbase.<br>Les Utilisateurs peuvent \u00e9galement modifier leurs Donn\u00e9es \u00e0 Caract\u00e8re Personnel directement \u00e0 partir leur Compte.<\/p>\n","protected":false},"excerpt":{"rendered":"<p>Politique de Confidentialit\u00e9 Blockbase SAS Si\u00e8ge social&nbsp;: 130 rue de Lourmel \u2013 75015 \u2013 Paris, FranceN\u00b0 de Siret&nbsp;: 751 564 006 00045Code NAF&nbsp;: 6312ZResponsable de la r\u00e9daction&nbsp;: M. Ali El Hariri \u2013 Pr\u00e9sident Blockbase SASE-mail&nbsp;: legal@bulldozair.comT\u00e9l\u00e9phone&nbsp;: +33 1 84 17 32 89H\u00e9bergement&nbsp;: le site www.bulldozair.com est h\u00e9berg\u00e9 par la soci\u00e9t\u00e9 Microsoft dont le si\u00e8ge en [&hellip;]<\/p>\n","protected":false},"author":2,"featured_media":0,"parent":0,"menu_order":0,"comment_status":"closed","ping_status":"closed","template":"","meta":{"content-type":"","footnotes":""},"acf":[],"yoast_head":"<!-- This site is optimized with the Yoast SEO plugin v21.8 - https:\/\/yoast.com\/wordpress\/plugins\/seo\/ -->\n<title>Politique de confidentialit\u00e9 - Blog Bulldozair by Mezzoteam<\/title>\n<meta name=\"robots\" content=\"index, follow, max-snippet:-1, max-image-preview:large, max-video-preview:-1\" \/>\n<link rel=\"canonical\" href=\"https:\/\/blog.bulldozair.com\/fr\/politique-de-confidentialite\" \/>\n<meta property=\"og:locale\" content=\"fr_FR\" \/>\n<meta property=\"og:type\" content=\"article\" \/>\n<meta property=\"og:title\" content=\"Politique de confidentialit\u00e9 - Blog Bulldozair by Mezzoteam\" \/>\n<meta property=\"og:description\" content=\"Politique de Confidentialit\u00e9 Blockbase SAS Si\u00e8ge social&nbsp;: 130 rue de Lourmel \u2013 75015 \u2013 Paris, FranceN\u00b0 de Siret&nbsp;: 751 564 006 00045Code NAF&nbsp;: 6312ZResponsable de la r\u00e9daction&nbsp;: M. Ali El Hariri \u2013 Pr\u00e9sident Blockbase SASE-mail&nbsp;: legal@bulldozair.comT\u00e9l\u00e9phone&nbsp;: +33 1 84 17 32 89H\u00e9bergement&nbsp;: le site www.bulldozair.com est h\u00e9berg\u00e9 par la soci\u00e9t\u00e9 Microsoft dont le si\u00e8ge en [&hellip;]\" \/>\n<meta property=\"og:url\" content=\"https:\/\/blog.bulldozair.com\/fr\/politique-de-confidentialite\" \/>\n<meta property=\"og:site_name\" content=\"Blog Bulldozair by Mezzoteam\" \/>\n<meta property=\"article:modified_time\" content=\"2021-01-13T11:12:15+00:00\" \/>\n<meta name=\"twitter:card\" content=\"summary_large_image\" \/>\n<meta name=\"twitter:label1\" content=\"Dur\u00e9e de lecture estim\u00e9e\" \/>\n\t<meta name=\"twitter:data1\" content=\"5 minutes\" \/>\n<script type=\"application\/ld+json\" class=\"yoast-schema-graph\">{\"@context\":\"https:\/\/schema.org\",\"@graph\":[{\"@type\":\"WebPage\",\"@id\":\"https:\/\/blog.bulldozair.com\/fr\/politique-de-confidentialite\",\"url\":\"https:\/\/blog.bulldozair.com\/fr\/politique-de-confidentialite\",\"name\":\"Politique de confidentialit\u00e9 - Blog Bulldozair by Mezzoteam\",\"isPartOf\":{\"@id\":\"https:\/\/blog.bulldozair.com\/fr\/#website\"},\"datePublished\":\"2021-01-13T11:12:14+00:00\",\"dateModified\":\"2021-01-13T11:12:15+00:00\",\"breadcrumb\":{\"@id\":\"https:\/\/blog.bulldozair.com\/fr\/politique-de-confidentialite#breadcrumb\"},\"inLanguage\":\"fr-FR\",\"potentialAction\":[{\"@type\":\"ReadAction\",\"target\":[\"https:\/\/blog.bulldozair.com\/fr\/politique-de-confidentialite\"]}]},{\"@type\":\"BreadcrumbList\",\"@id\":\"https:\/\/blog.bulldozair.com\/fr\/politique-de-confidentialite#breadcrumb\",\"itemListElement\":[{\"@type\":\"ListItem\",\"position\":1,\"name\":\"Blog\",\"item\":\"https:\/\/blog.bulldozair.com\/fr\"},{\"@type\":\"ListItem\",\"position\":2,\"name\":\"Politique de confidentialit\u00e9\"}]},{\"@type\":\"WebSite\",\"@id\":\"https:\/\/blog.bulldozair.com\/fr\/#website\",\"url\":\"https:\/\/blog.bulldozair.com\/fr\/\",\"name\":\"Blog Bulldozair by Mezzoteam\",\"description\":\"Construction technology and proptech news, updates about Bulldozair company and product\",\"potentialAction\":[{\"@type\":\"SearchAction\",\"target\":{\"@type\":\"EntryPoint\",\"urlTemplate\":\"https:\/\/blog.bulldozair.com\/fr\/?s={search_term_string}\"},\"query-input\":\"required name=search_term_string\"}],\"inLanguage\":\"fr-FR\"}]}<\/script>\n<!-- \/ Yoast SEO plugin. -->","yoast_head_json":{"title":"Politique de confidentialit\u00e9 - Blog Bulldozair by Mezzoteam","robots":{"index":"index","follow":"follow","max-snippet":"max-snippet:-1","max-image-preview":"max-image-preview:large","max-video-preview":"max-video-preview:-1"},"canonical":"https:\/\/blog.bulldozair.com\/fr\/politique-de-confidentialite","og_locale":"fr_FR","og_type":"article","og_title":"Politique de confidentialit\u00e9 - Blog Bulldozair by Mezzoteam","og_description":"Politique de Confidentialit\u00e9 Blockbase SAS Si\u00e8ge social&nbsp;: 130 rue de Lourmel \u2013 75015 \u2013 Paris, FranceN\u00b0 de Siret&nbsp;: 751 564 006 00045Code NAF&nbsp;: 6312ZResponsable de la r\u00e9daction&nbsp;: M. Ali El Hariri \u2013 Pr\u00e9sident Blockbase SASE-mail&nbsp;: legal@bulldozair.comT\u00e9l\u00e9phone&nbsp;: +33 1 84 17 32 89H\u00e9bergement&nbsp;: le site www.bulldozair.com est h\u00e9berg\u00e9 par la soci\u00e9t\u00e9 Microsoft dont le si\u00e8ge en [&hellip;]","og_url":"https:\/\/blog.bulldozair.com\/fr\/politique-de-confidentialite","og_site_name":"Blog Bulldozair by Mezzoteam","article_modified_time":"2021-01-13T11:12:15+00:00","twitter_card":"summary_large_image","twitter_misc":{"Dur\u00e9e de lecture estim\u00e9e":"5 minutes"},"schema":{"@context":"https:\/\/schema.org","@graph":[{"@type":"WebPage","@id":"https:\/\/blog.bulldozair.com\/fr\/politique-de-confidentialite","url":"https:\/\/blog.bulldozair.com\/fr\/politique-de-confidentialite","name":"Politique de confidentialit\u00e9 - Blog Bulldozair by Mezzoteam","isPartOf":{"@id":"https:\/\/blog.bulldozair.com\/fr\/#website"},"datePublished":"2021-01-13T11:12:14+00:00","dateModified":"2021-01-13T11:12:15+00:00","breadcrumb":{"@id":"https:\/\/blog.bulldozair.com\/fr\/politique-de-confidentialite#breadcrumb"},"inLanguage":"fr-FR","potentialAction":[{"@type":"ReadAction","target":["https:\/\/blog.bulldozair.com\/fr\/politique-de-confidentialite"]}]},{"@type":"BreadcrumbList","@id":"https:\/\/blog.bulldozair.com\/fr\/politique-de-confidentialite#breadcrumb","itemListElement":[{"@type":"ListItem","position":1,"name":"Blog","item":"https:\/\/blog.bulldozair.com\/fr"},{"@type":"ListItem","position":2,"name":"Politique de confidentialit\u00e9"}]},{"@type":"WebSite","@id":"https:\/\/blog.bulldozair.com\/fr\/#website","url":"https:\/\/blog.bulldozair.com\/fr\/","name":"Blog Bulldozair by Mezzoteam","description":"Construction technology and proptech news, updates about Bulldozair company and product","potentialAction":[{"@type":"SearchAction","target":{"@type":"EntryPoint","urlTemplate":"https:\/\/blog.bulldozair.com\/fr\/?s={search_term_string}"},"query-input":"required name=search_term_string"}],"inLanguage":"fr-FR"}]}},"_links":{"self":[{"href":"https:\/\/blog.bulldozair.com\/fr\/wp-json\/wp\/v2\/pages\/3826"}],"collection":[{"href":"https:\/\/blog.bulldozair.com\/fr\/wp-json\/wp\/v2\/pages"}],"about":[{"href":"https:\/\/blog.bulldozair.com\/fr\/wp-json\/wp\/v2\/types\/page"}],"author":[{"embeddable":true,"href":"https:\/\/blog.bulldozair.com\/fr\/wp-json\/wp\/v2\/users\/2"}],"replies":[{"embeddable":true,"href":"https:\/\/blog.bulldozair.com\/fr\/wp-json\/wp\/v2\/comments?post=3826"}],"version-history":[{"count":1,"href":"https:\/\/blog.bulldozair.com\/fr\/wp-json\/wp\/v2\/pages\/3826\/revisions"}],"predecessor-version":[{"id":3827,"href":"https:\/\/blog.bulldozair.com\/fr\/wp-json\/wp\/v2\/pages\/3826\/revisions\/3827"}],"wp:attachment":[{"href":"https:\/\/blog.bulldozair.com\/fr\/wp-json\/wp\/v2\/media?parent=3826"}],"curies":[{"name":"wp","href":"https:\/\/api.w.org\/{rel}","templated":true}]}}