{"id":3842,"date":"2021-01-13T14:25:11","date_gmt":"2021-01-13T12:25:11","guid":{"rendered":"http:\/\/blog.new.bulldozair.com\/?page_id=3842"},"modified":"2021-01-13T14:25:12","modified_gmt":"2021-01-13T12:25:12","slug":"terminos-de-venta","status":"publish","type":"page","link":"https:\/\/blog.bulldozair.com\/es\/terminos-de-venta","title":{"rendered":"T\u00e9rminos de Venta"},"content":{"rendered":"\n<h3 class=\"wp-block-heading\">I. ALCANCE DE LOS T\u00c9RMINOS ACTUALES<\/h3>\n\n\n\n<p>Los t\u00e9rminos de uso actuales tienen como motivo definir los t\u00e9rminos de uso y acceso a la aplicaci\u00f3n BulldozAIR en el sitio web actual y definir los derechos y obligaciones de las partes en este contexto (de ahora en m\u00e1s \u00abT\u00e9rminos\u00bb). Estos son provistos al usuario al momento del registro y est\u00e1n disponibles en el sitio web. Los Usuarios reconocen haber le\u00eddo y comprendido estos t\u00e9rminos y por lo tanto aceptan estar sujetos a ellos. Los t\u00e9rminos actuales prevalecer\u00e1n por sobre cualquier otro documento contractual emitido por los Usuarios.<\/p>\n\n\n\n<h3 class=\"wp-block-heading\">II. ACERCA DE BULLDOZAIR<\/h3>\n\n\n\n<p>BulldozAIR es provisto por Blockbase SAS, una Sociedad por Acciones Simplificada con un capital de \u20ac44 961,00, registrada con un Registro Mercantil y Corporativo en Par\u00eds bajo el n\u00famero 751 564 006, con sus oficinas principales ubicadas en 130 Lourmel St. Par\u00eds, Francia (de ahora en m\u00e1s \u201c<strong>Blockbase<\/strong>\u201d).<\/p>\n\n\n\n<h3 class=\"wp-block-heading\">III. DESCRIPCI\u00d3N DE LOS SERVICIOS<\/h3>\n\n\n\n<p>Los usuarios pueden utilizar BulldozAIR y sus diferentes caracter\u00edsticas seg\u00fan la suscripci\u00f3n de su Plan (de ahora en m\u00e1s \u201c<strong>Plan<\/strong>\u201d).<\/p>\n\n\n\n<h3 class=\"wp-block-heading\">IV. REGISTRO DE CUENTA<\/h3>\n\n\n\n<p><strong>4.1.<\/strong>&nbsp;Para acceder y utilizar BulldozAIR, el usuario debe ser legalmente capaz de realizar un acuerdo contractual y ser responsable frente a toda ley aplicable. Los Usuarios deben utilizar BulldozAIR \u00fanicamente para uso profesional.<\/p>\n\n\n\n<p>Los Usuarios deben crear una Cuenta y dar la siguiente informaci\u00f3n:<\/p>\n\n\n\n<ul><li>Nombre y apellido<\/li><li>Direcci\u00f3n de env\u00edo<\/li><li>Contrase\u00f1a<\/li><li>Nombre de la compa\u00f1\u00eda<\/li><li>Tel\u00e9fono<\/li><\/ul>\n\n\n\n<p>La direcci\u00f3n de email debe mantenerse v\u00e1lida mientras la Cuenta se mantenga activa. Los Usuarios son responsables de actualizar su direcci\u00f3n de email de ser necesario.<br>El Usuario garantiza que toda la informaci\u00f3n provista es precisa, actual y verdadera y que no est\u00e1 viciada para ser enga\u00f1osa. Es responsabilidad del Usuario actualizar esta informaci\u00f3n en su Cuenta si hay cambios, de manera que siempre cumplan los criterios anteriores.<\/p>\n\n\n\n<p><strong>4.2.<\/strong>El Usuario acepta utilizar BulldozAIR de manera personal y no permitir que un tercero lo utilice en su lugar o en su nombre, excepto que tome total responsabilidad de ello.<br>El Usuario es responsable de mantener la confidencialidad de su contrase\u00f1a. Los Usuarios son responsables por el robo o la p\u00e9rdida de su contrase\u00f1a si se prueba que la culpa es atribuible a ellos. El Usuario debe contactar inmediatamente a BulldozAIR si nota que su Cuenta fue utilizada sin su conocimiento. BulldozAIR tiene derecho a tomar las medidas apropiadas en \u00e9sos casos.<\/p>\n\n\n\n<h3 class=\"wp-block-heading\">V. PLANES<\/h3>\n\n\n\n<p><strong>5.1.<\/strong>&nbsp;Los servicios provistos est\u00e1n sujetos a tarifas. Una vez que se crea una cuenta se debe elegir un Plan adecuado para definir el costo de la tarifa. El costo de la Tarifa es distinto para cada plan.<br><strong>5.2.<\/strong>&nbsp;La tarifa se cobra por adelantado de forma mensual o anual dependiendo del Plan.<br><strong>5.3.<\/strong>&nbsp;Las tarifas aplicables pueden diferir y pueden aparecer en distintas monedas dependiendo de la ubicaci\u00f3n del Usuario (excluyendo impuestos, si aplica).<br><strong>5.4.<\/strong>&nbsp;Cada Usuario tiene derecho a un per\u00edodo de prueba gratuito. Al final de este periodo, se desactivar\u00e1 el acceso di no se ha seleccionado una Oferta. BulldozAIR tiene derecho a borrar la cuenta permanentemente.<\/p>\n\n\n\n<h3 class=\"wp-block-heading\">VI. PAGO<\/h3>\n\n\n\n<p><strong>6.1.<\/strong>&nbsp;El pago debe realizarse por d\u00e9bito autom\u00e1tico de una tarjeta de cr\u00e9dito del Usuario. Todos los cargos correspondientes bajo los t\u00e9rminos actuales deben abonarse por adelantado.<br><strong>6.2.<\/strong>&nbsp;El Usuario garantiza a BulldozAIR que tiene la autorizaci\u00f3n correspondiente para utilizar el m\u00e9todo de pago elegido.<br><strong>6.3.<\/strong>&nbsp;El uso de BulldozAIR est\u00e1 sujeto a facturas que son comunicadas al usuario por alg\u00fan canal apropiado.<br><strong>6.4.<\/strong>&nbsp;En el caso de que se realice un pago atrasado, los Usuarios deben pagar una LUMP SUM de cuarenta (40) euros. Cualquier demora en el per\u00edodo de pago aumentar\u00e1 el pago de intereses de Parte de los usuarios por sobre el monto debido desde la fecha de vencimiento. La tasa de inter\u00e9s corresponde a la tasa utilizada por el Banco Central de Europa en la fecha de vencimiento para sus operaciones en euros incrementada por 10 puntos porcentuales.<\/p>\n\n\n\n<h3 class=\"wp-block-heading\">VII. OBLIGACIONES DEL USUARIO<\/h3>\n\n\n\n<p><strong>7.1.<\/strong>&nbsp;Sin perjuicio a las obligaciones ajenas, de ahora en m\u00e1s el Usuario debe cumplir con las siguientes obligaciones:<\/p>\n\n\n\n<ul><li>Dar a BulldozAIR datos personales reales y verificados y actualizarlos seg\u00fan sea necesario para que se mantengan completos y precisos;<\/li><li>Utilizar BulldozAIR aplic\u00e1ndolo bajo los T\u00e9rminos actuales;<\/li><li>Respetar las leyes y regulaciones y no infringir los derechos de terceros o el orden p\u00fablico;<\/li><li>No difamar o da\u00f1ar la reputaci\u00f3n de BulldozAIR;<\/li><li>No tomar parte en alguna conducta que pueda interrumpir, destruir, limitar o, generalmente, da\u00f1ar BulldozAIR o permitir a los Usuarios obtener acceso no autorizado a BulldozAIR, incluyendo el uso de virus, c\u00f3digo malicioso, programas o archivos;<\/li><li>Registrarse s\u00f3lo a un (1) per\u00edodo de prueba<\/li><\/ul>\n\n\n\n<p>En caso de que se infrinja alguna de las obligaciones anteriores, BulldozAIR se reserva el derecho de cancelar una Cuenta y\/o de bloquear a los Usuarios sin aviso o indemnizaci\u00f3n.<\/p>\n\n\n\n<p><strong>7.2.<\/strong>&nbsp;Los Usuarios se hacen responsables por el contenido de BulldozAIR.<br><strong>7.3.<\/strong>&nbsp;Los Usuarios acuerdan cumplir todos los requisitos legales y regulaciones, particularmente aquellos relacionados a sus Datos Personales, incluyendo hacer todos los registros requeridos con la autoridad local de protecci\u00f3n de datos.<br><strong>7.4.<\/strong>&nbsp;Los Usuarios se hacen responsables por respetar los derechos de terceros, incluyendo derechos personales, derechos de propiedad intelectual o industrial como copyrights, patentes, dise\u00f1os y marcas registradas.<\/p>\n\n\n\n<h3 class=\"wp-block-heading\">VIII. RESPONSABILIDADES Y GARANT\u00cdAS DE BULLDOZAIR<\/h3>\n\n\n\n<p><strong>8.1.<\/strong>&nbsp;BulldozAIR acuerda proveer los Servicios con diligencia debida para excluir cualquier obligaci\u00f3n que sea resultado de algo que los usuarios reconocen y aceptan espec\u00edficamente.<br><strong>8.2.<\/strong>&nbsp;BulldozAIR no est\u00e1 enterado de los contenidos que los Usuarios publican, por lo que no realiza ning\u00fan tipo de moderaci\u00f3n, selecci\u00f3n, auditor\u00eda o control de cualquier tipo.<br><strong>8.3.<\/strong>&nbsp;BulldozAIR realiza comprobaciones reguladas para verificar su funcionamiento y accesibilidad. De esta manera, BulldozAIR se reserva el derecho de interrumpir el acceso para realizar mantenimiento.<br><strong>8.4.<\/strong>&nbsp;BulldozAIR no puede, bajo ninguna circunstancia, ser responsabilizado directa o indirectamente por da\u00f1os causados a los Usuarios o a terceros por responsabilidad del Usuario.<br><strong>8.5.<\/strong>&nbsp;BulldozAIR no garantiza resultados expresos, t\u00e1citos u otros rendimientos de parte de BulldozAIR.<\/p>\n\n\n\n<h3 class=\"wp-block-heading\">IX. PROPIEDAD INTELECTUAL<\/h3>\n\n\n\n<p><strong>9.1.<\/strong>&nbsp;BulldozAIR pertenece a Blockbase sin limitaciones. Los Usuarios est\u00e1n autorizados a utilizar BulldozAIR en conformidad con su Licencia. Todos los derechos no otorgados expresamente a los Usuarios en los T\u00e9rminos actuales est\u00e1n reservados.<br><strong>9.2.<\/strong>&nbsp;El sitio web de BulldozAIR o su software son obras originales protegidas por leyes de propiedad intelectual y convenciones internacionales.<br><strong>9.3.<\/strong>&nbsp;Los usuarios garantizan que no modificar\u00e1n, arrendar\u00e1n, prestar\u00e1n, vender\u00e1n o distribuir\u00e1n estos trabajos, o crear\u00e1n trabajos derivados basados total o parcialmente en ella.<br><strong>9.4.<\/strong>&nbsp;No puede utilizarse el nombre o la marca BulldozAIR sin un consentimiento escrito previo.<br><strong>9.5.<\/strong>&nbsp;Los usuarios de ahora en m\u00e1s reconocen que Blockbase es el \u00fanico due\u00f1o de sus derechos de propiedad intelectual, particularmente de BulldozAIR, y que no pueden disputar esa titularidad o la validez de la propiedad intelectual de BulldozAIR en ning\u00fan momento o ninguno de los derechos adjuntos a ella.<br><strong>9.6.<\/strong>&nbsp;Los art\u00edculos disponibles en la aplicaci\u00f3n BulldozAIR o en el sitio web como software, bases de datos, plataforma, p\u00e1ginas web, textos, fotograf\u00edas, \u00edconos, herramientas, sonidos, video y, m\u00e1s generalmente, toda la informaci\u00f3n disponible para los Usuarios, es propiedad total y exclusiva de BulldozAIR.<br><strong>9.7.<\/strong>&nbsp;Ninguna de las partes tiene el derecho de propiedad intelectual por sobre las bases de datos y otros, as\u00ed como tampoco por sobre sus marcas, dise\u00f1o, visualizaciones, gr\u00e1ficos o software.<br><strong>9.8.<\/strong>&nbsp;Los Usuarios s\u00f3lo est\u00e1n autorizados a utilizar BulldozAIR en conformidad con su Licencia.<br><strong>9.9.<\/strong>&nbsp;El contenido pertenece a los Usuarios, que expresamente autorizan a BulldozAIR a utilizar el contenido y\/o cualquier otra informaci\u00f3n o datos provistos a trav\u00e9s de BulldozAIR para que pueda proveer la suscripci\u00f3n.<\/p>\n\n\n\n<h3 class=\"wp-block-heading\">X. FUERZA MAYOR<\/h3>\n\n\n\n<p>Ninguna de las partes ser\u00e1 responsable por alguna falla o demora en el rendimiento causada por fuerzas fuera de un control razonable hasta el punto de ocurrencias causadas por incendios, inundaciones, terremotos, huracanes y otros desastres naturales, regulaciones o actas de civiles, autoridades militares o cualquier autoridad auto regulatoria, guerras, terrorismo, disturbios, crisis sociales, sabotaje, robo u otros actos criminales de terceros.<\/p>\n\n\n\n<h3 class=\"wp-block-heading\">XI. ENLACES Y SITIOS DE TERCEROS<\/h3>\n\n\n\n<p>BulldozAIR no ser\u00e1 responsable de ninguna manera por la disponibilidad t\u00e9cnica de sitios web u aplicaciones m\u00f3viles operadas por terceros a los que el usuario acceda a trav\u00e9s del sitio.<br>BulldozAIR no es responsable por cualquier contenido, publicidad, productos y\/o Servicios disponibles en sitios web de terceros y aplicaciones m\u00f3viles mientras est\u00e9n gobernados por sus propios t\u00e9rminos de uso.<\/p>\n\n\n\n<h3 class=\"wp-block-heading\">XII. T\u00c9RMINO Y RESCISI\u00d3N<\/h3>\n\n\n\n<p><strong>12.1 El t\u00e9rmino<\/strong><br>Los T\u00e9rminos actuales entran en un per\u00edodo mensual o anual y se renuevan autom\u00e1ticamente por el mismo periodo de tiempo dependiendo del Plan elegido por el Usuario.<br>Sin embargo, los Usuarios pueden elegir, en cualquier momento y sin ninguna condici\u00f3n, remover la renovaci\u00f3n autom\u00e1tica. Es responsabilidad de los Usuarios anticipar el fin del T\u00e9rmino.<br>El per\u00edodo de prueba gratuito es de treinta (30) d\u00edas, a menos que los Usuarios decidan \u201cSuscribirse\u201d y pidan una suscripci\u00f3n.<\/p>\n\n\n\n<p><strong>12.2 Rescisi\u00f3n<\/strong><br><strong>Rescisi\u00f3n por el Usuario:<\/strong><br>Los usuarios pueden rescindir el servicio en cualquier momento enviando un email o una carta petitoria con una notificaci\u00f3n de recibo. Cualquier cancelaci\u00f3n de pago del servicio de BulldozAIR se har\u00e1 en la siguiente renovaci\u00f3n de T\u00e9rmino: se cobrar\u00e1 un mes o a\u00f1o entero por el mes o a\u00f1o en el que los Usuarios discontin\u00faen el uso. No se realizar\u00e1n reembolsos o se dar\u00e1n cr\u00e9ditos por el uso parcial de BulldozAIR.<\/p>\n\n\n\n<p><strong>Rescisi\u00f3n por BulldozAIR:<\/strong><br>BulldozAIR se reserva el derecho de rescindir el servicio en cualquier momento en caso de que el Usuario no cumpla con los T\u00e9rminos actuales.<br>En caso de pago tard\u00edo de m\u00e1s de treinta (30) d\u00edas, BulldozAIR puede considerar que los t\u00e9rminos han sido rescindidos por la deuda.<br>BulldozAIR se reserva el derecho de terminar unilateralmente el servicio si el Contenido cargado y\/o intercambiado por los Usuarios puede crear problemas operativos para BulldozAIR o sus servidores. Los Usuarios comprometidos ser\u00e1n notificados por una carta registrada y tendr\u00e1n acceso a BulldozAIR por un per\u00edodo que no exceder\u00e1 un (1) mes. Los cargos pagados por los Usuarios y correspondientes al T\u00e9rmino no vencido m\u00e1s all\u00e1 de la notificaci\u00f3n anterior ser\u00e1n reembolsados.<\/p>\n\n\n\n<p><strong>Consecuencias de Rescisi\u00f3n:<\/strong><br>La rescisi\u00f3n se hace efectiva inmediatamente. Se borra la Cuenta del Usuario de manera autom\u00e1tica.<\/p>\n\n\n\n<h3 class=\"wp-block-heading\">XIII. MODIFICACIONES<\/h3>\n\n\n\n<p>BulldozAIR se reserva el derecho, bajo su propia discreci\u00f3n, de modificar los T\u00e9rminos actuales en cualquier momento publicando un aviso a trav\u00e9s de BulldozAIR o envi\u00e1ndolo a sus Usuarios por email. Los Usuarios ser\u00e1n responsables por revisar y familiarizarse con las modificaciones.<\/p>\n\n\n\n<h3 class=\"wp-block-heading\">XIV. LENGUAJE<\/h3>\n\n\n\n<p>El lenguaje original de estos T\u00e9rminos es el Franc\u00e9s. Estos T\u00e9rminos pueden ser traducidos en otros lenguajes a pedido del Usuario. En caso de que haya discrepancias entre la versi\u00f3n original en Franc\u00e9s y la traducci\u00f3n a otros idiomas, la versi\u00f3n en Franc\u00e9s tiene prevalencia.<\/p>\n\n\n\n<h3 class=\"wp-block-heading\">XV. LEY APLICABLE Y JURISDICCI\u00d3N<\/h3>\n\n\n\n<p>Los T\u00e9rminos presentes est\u00e1n gobernados por la ley de Francia.<br>Las cortes de Par\u00eds tendr\u00e1n jurisdicci\u00f3n exclusiva para juzgar todas las disputas o controversias que surjan o que est\u00e9n relacionadas a la validez, interpretaci\u00f3n y\/o ejecuci\u00f3n de estos T\u00e9rminos.<\/p>\n","protected":false},"excerpt":{"rendered":"<p>I. ALCANCE DE LOS T\u00c9RMINOS ACTUALES Los t\u00e9rminos de uso actuales tienen como motivo definir los t\u00e9rminos de uso y acceso a la aplicaci\u00f3n BulldozAIR en el sitio web actual y definir los derechos y obligaciones de las partes en este contexto (de ahora en m\u00e1s \u00abT\u00e9rminos\u00bb). Estos son provistos al usuario al momento del [&hellip;]<\/p>\n","protected":false},"author":2,"featured_media":0,"parent":0,"menu_order":0,"comment_status":"closed","ping_status":"closed","template":"","meta":{"content-type":"","footnotes":""},"acf":[],"yoast_head":"<!-- This site is optimized with the Yoast SEO plugin v21.8 - https:\/\/yoast.com\/wordpress\/plugins\/seo\/ -->\n<title>T\u00e9rminos de Venta - Blog Bulldozair by Mezzoteam<\/title>\n<meta name=\"robots\" content=\"index, follow, max-snippet:-1, max-image-preview:large, max-video-preview:-1\" \/>\n<link rel=\"canonical\" href=\"https:\/\/blog.bulldozair.com\/es\/terminos-de-venta\" \/>\n<meta property=\"og:locale\" content=\"es_ES\" \/>\n<meta property=\"og:type\" content=\"article\" \/>\n<meta property=\"og:title\" content=\"T\u00e9rminos de Venta - Blog Bulldozair by Mezzoteam\" \/>\n<meta property=\"og:description\" content=\"I. ALCANCE DE LOS T\u00c9RMINOS ACTUALES Los t\u00e9rminos de uso actuales tienen como motivo definir los t\u00e9rminos de uso y acceso a la aplicaci\u00f3n BulldozAIR en el sitio web actual y definir los derechos y obligaciones de las partes en este contexto (de ahora en m\u00e1s \u00abT\u00e9rminos\u00bb). Estos son provistos al usuario al momento del [&hellip;]\" \/>\n<meta property=\"og:url\" content=\"https:\/\/blog.bulldozair.com\/es\/terminos-de-venta\" \/>\n<meta property=\"og:site_name\" content=\"Blog Bulldozair by Mezzoteam\" \/>\n<meta property=\"article:modified_time\" content=\"2021-01-13T12:25:12+00:00\" \/>\n<meta name=\"twitter:card\" content=\"summary_large_image\" \/>\n<meta name=\"twitter:label1\" content=\"Tiempo de lectura\" \/>\n\t<meta name=\"twitter:data1\" content=\"10 minutos\" \/>\n<script type=\"application\/ld+json\" class=\"yoast-schema-graph\">{\"@context\":\"https:\/\/schema.org\",\"@graph\":[{\"@type\":\"WebPage\",\"@id\":\"https:\/\/blog.bulldozair.com\/es\/terminos-de-venta\",\"url\":\"https:\/\/blog.bulldozair.com\/es\/terminos-de-venta\",\"name\":\"T\u00e9rminos de Venta - Blog Bulldozair by Mezzoteam\",\"isPartOf\":{\"@id\":\"https:\/\/blog.bulldozair.com\/fr\/#website\"},\"datePublished\":\"2021-01-13T12:25:11+00:00\",\"dateModified\":\"2021-01-13T12:25:12+00:00\",\"breadcrumb\":{\"@id\":\"https:\/\/blog.bulldozair.com\/es\/terminos-de-venta#breadcrumb\"},\"inLanguage\":\"es\",\"potentialAction\":[{\"@type\":\"ReadAction\",\"target\":[\"https:\/\/blog.bulldozair.com\/es\/terminos-de-venta\"]}]},{\"@type\":\"BreadcrumbList\",\"@id\":\"https:\/\/blog.bulldozair.com\/es\/terminos-de-venta#breadcrumb\",\"itemListElement\":[{\"@type\":\"ListItem\",\"position\":1,\"name\":\"Blog\",\"item\":\"https:\/\/blog.bulldozair.com\/es\"},{\"@type\":\"ListItem\",\"position\":2,\"name\":\"T\u00e9rminos de Venta\"}]},{\"@type\":\"WebSite\",\"@id\":\"https:\/\/blog.bulldozair.com\/fr\/#website\",\"url\":\"https:\/\/blog.bulldozair.com\/fr\/\",\"name\":\"Blog Bulldozair by Mezzoteam\",\"description\":\"Construction technology and proptech news, updates about Bulldozair company and product\",\"potentialAction\":[{\"@type\":\"SearchAction\",\"target\":{\"@type\":\"EntryPoint\",\"urlTemplate\":\"https:\/\/blog.bulldozair.com\/fr\/?s={search_term_string}\"},\"query-input\":\"required name=search_term_string\"}],\"inLanguage\":\"es\"}]}<\/script>\n<!-- \/ Yoast SEO plugin. -->","yoast_head_json":{"title":"T\u00e9rminos de Venta - Blog Bulldozair by Mezzoteam","robots":{"index":"index","follow":"follow","max-snippet":"max-snippet:-1","max-image-preview":"max-image-preview:large","max-video-preview":"max-video-preview:-1"},"canonical":"https:\/\/blog.bulldozair.com\/es\/terminos-de-venta","og_locale":"es_ES","og_type":"article","og_title":"T\u00e9rminos de Venta - Blog Bulldozair by Mezzoteam","og_description":"I. ALCANCE DE LOS T\u00c9RMINOS ACTUALES Los t\u00e9rminos de uso actuales tienen como motivo definir los t\u00e9rminos de uso y acceso a la aplicaci\u00f3n BulldozAIR en el sitio web actual y definir los derechos y obligaciones de las partes en este contexto (de ahora en m\u00e1s \u00abT\u00e9rminos\u00bb). Estos son provistos al usuario al momento del [&hellip;]","og_url":"https:\/\/blog.bulldozair.com\/es\/terminos-de-venta","og_site_name":"Blog Bulldozair by Mezzoteam","article_modified_time":"2021-01-13T12:25:12+00:00","twitter_card":"summary_large_image","twitter_misc":{"Tiempo de lectura":"10 minutos"},"schema":{"@context":"https:\/\/schema.org","@graph":[{"@type":"WebPage","@id":"https:\/\/blog.bulldozair.com\/es\/terminos-de-venta","url":"https:\/\/blog.bulldozair.com\/es\/terminos-de-venta","name":"T\u00e9rminos de Venta - Blog Bulldozair by Mezzoteam","isPartOf":{"@id":"https:\/\/blog.bulldozair.com\/fr\/#website"},"datePublished":"2021-01-13T12:25:11+00:00","dateModified":"2021-01-13T12:25:12+00:00","breadcrumb":{"@id":"https:\/\/blog.bulldozair.com\/es\/terminos-de-venta#breadcrumb"},"inLanguage":"es","potentialAction":[{"@type":"ReadAction","target":["https:\/\/blog.bulldozair.com\/es\/terminos-de-venta"]}]},{"@type":"BreadcrumbList","@id":"https:\/\/blog.bulldozair.com\/es\/terminos-de-venta#breadcrumb","itemListElement":[{"@type":"ListItem","position":1,"name":"Blog","item":"https:\/\/blog.bulldozair.com\/es"},{"@type":"ListItem","position":2,"name":"T\u00e9rminos de Venta"}]},{"@type":"WebSite","@id":"https:\/\/blog.bulldozair.com\/fr\/#website","url":"https:\/\/blog.bulldozair.com\/fr\/","name":"Blog Bulldozair by Mezzoteam","description":"Construction technology and proptech news, updates about Bulldozair company and product","potentialAction":[{"@type":"SearchAction","target":{"@type":"EntryPoint","urlTemplate":"https:\/\/blog.bulldozair.com\/fr\/?s={search_term_string}"},"query-input":"required name=search_term_string"}],"inLanguage":"es"}]}},"_links":{"self":[{"href":"https:\/\/blog.bulldozair.com\/es\/wp-json\/wp\/v2\/pages\/3842"}],"collection":[{"href":"https:\/\/blog.bulldozair.com\/es\/wp-json\/wp\/v2\/pages"}],"about":[{"href":"https:\/\/blog.bulldozair.com\/es\/wp-json\/wp\/v2\/types\/page"}],"author":[{"embeddable":true,"href":"https:\/\/blog.bulldozair.com\/es\/wp-json\/wp\/v2\/users\/2"}],"replies":[{"embeddable":true,"href":"https:\/\/blog.bulldozair.com\/es\/wp-json\/wp\/v2\/comments?post=3842"}],"version-history":[{"count":1,"href":"https:\/\/blog.bulldozair.com\/es\/wp-json\/wp\/v2\/pages\/3842\/revisions"}],"predecessor-version":[{"id":3843,"href":"https:\/\/blog.bulldozair.com\/es\/wp-json\/wp\/v2\/pages\/3842\/revisions\/3843"}],"wp:attachment":[{"href":"https:\/\/blog.bulldozair.com\/es\/wp-json\/wp\/v2\/media?parent=3842"}],"curies":[{"name":"wp","href":"https:\/\/api.w.org\/{rel}","templated":true}]}}