{"id":3840,"date":"2021-01-13T14:23:24","date_gmt":"2021-01-13T12:23:24","guid":{"rendered":"http:\/\/blog.new.bulldozair.com\/?page_id=3840"},"modified":"2021-01-13T14:23:24","modified_gmt":"2021-01-13T12:23:24","slug":"politica-de-privacidad","status":"publish","type":"page","link":"https:\/\/blog.bulldozair.com\/es\/politica-de-privacidad","title":{"rendered":"Pol\u00edtica de Privacidad"},"content":{"rendered":"\n<h1 class=\"wp-block-heading\"><\/h1>\n\n\n\n<p><strong>Pol\u00edtica de Privacidad de BulldozAIR<\/strong><br><strong>Blockbase SAS<br>Oficina central:&nbsp;<\/strong>130, rue de Lourmel, 75015, Paris, France<br><strong>N\u00famero siret:&nbsp;<\/strong>751 564 006 00045<br><strong>C\u00f3digo NAF:&nbsp;<\/strong>6312Z<br><strong>Editor:<\/strong>&nbsp;Ali El Hariri, CEO Blockbase SAS<br><strong>Email:<\/strong>&nbsp;<a href=\"mailto:legal@bulldozair.com\">legal@bulldozair.com<\/a><br><strong>Hosting del sitio:<\/strong>&nbsp;El sitio&nbsp;<a href=\"https:\/\/www.bulldozair.com\/\">www.bulldozair.com<\/a>&nbsp;est\u00e1 alojado por Microsoft con domicilio registrado en France 39, quai of President Roosevelt, 92130, Issy les Moulineaux<br><strong>Tel\u00e9fono:<\/strong>&nbsp;+33 1 84 17 32 89<\/p>\n\n\n\n<p>Esta Pol\u00edtica de Privacidad (\u201c<strong>Pol\u00edtica de Privacidad<\/strong>\u201d) es parte de los T\u00e9rminos de Uso (\u201c<strong>T\u00e9rminos<\/strong>\u201d). Cada palabra definida en los T\u00e9rminos tiene el mismo significado en la Pol\u00edtica de Privacidad. Esta Pol\u00edtica de Privacidad describe c\u00f3mo Blockbase recolecta y utiliza la informaci\u00f3n personal que provees en la aplicaci\u00f3n BulldozAIR.<\/p>\n\n\n\n<p>Al acceder y utilizar BulldozAIR, los usuarios acceden a cumplir y vincularse a esta Pol\u00edtica de Privacidad que puede ser modificada o actualizada en cualquier momento sin notificaci\u00f3n previa.<\/p>\n\n\n\n<h3 class=\"wp-block-heading\">I. Naturaleza de la Informaci\u00f3n Personal recolectada<\/h3>\n\n\n\n<p>Blockbase recolecta y procesa datos que los Usuarios proveen para poder acceder o utilizar BulldozAIR adem\u00e1s de datos relacionados a las preferencias del Usuario y su tr\u00e1fico (como direcciones IP).<br>El prop\u00f3sito de este procesamiento de datos es permitir a los Usuarios crear una Cuenta para acceder a BulldozAIR y utilizar sus servicios, para mejorar los servicios utilizando cookies en las terminales del Usuario y enviarles ofertas comerciales.<br>Blockbase recolecta la siguiente informaci\u00f3n personal:<\/p>\n\n\n\n<ul><li>Nombre y Apellido<\/li><li>Direcci\u00f3n de email<\/li><li>Nombre de la compa\u00f1\u00eda<\/li><li>N\u00famero de tel\u00e9fono<\/li><\/ul>\n\n\n\n<p>Blockbase nunca recolectar\u00e1 o procesar\u00e1 Datos Personales pertenecientes a, directa o indirectamente, raza, salud, orientaci\u00f3n sexual, posturas pol\u00edticas, filos\u00f3ficas o religiosas. Los usuarios no deben almacenar esta informaci\u00f3n personal en o a trav\u00e9s de BulldozAIR.<\/p>\n\n\n\n<h3 class=\"wp-block-heading\">II. Informaci\u00f3n No Personal Identificable y Cookies<\/h3>\n\n\n\n<p><strong>2.1. Tr\u00e1fico<\/strong><br>Los datos de tr\u00e1fico se generan cuando las terminales de los Usuarios se conectan a Internet y no es suficiente para identificarlos. Blockbase puede recolectar la siguiente informaci\u00f3n: origen de la conexi\u00f3n, tipo y versi\u00f3n del navegador de Internet del usuario, duraci\u00f3n de la conexi\u00f3n, etc\u00e9tera.<\/p>\n\n\n\n<p>Estos datos pueden ser utilizados con prop\u00f3sitos estad\u00edsticos para analizar el tr\u00e1fico y para mejorar BulldozAIR. El tr\u00e1fico de datos siempre se procesa de manera an\u00f3nima.<\/p>\n\n\n\n<p><strong>2.2. Cookies<\/strong><br>Blockbase utiliza cookies en las terminals del Usuario. Estos peque\u00f1os archivos pueden contener, por ejemplo, preferencias del Usuario y tr\u00e1fico de datos.<br>Los prop\u00f3sitos de las cookies utilizadas por Blockbase son:<\/p>\n\n\n\n<ul><li>Autenticar a los Usuarios;<\/li><li>Registrar las visitas de los Usuarios y su origen;<\/li><li>Registrar el pa\u00eds e idioma de los Usuarios<\/li><\/ul>\n\n\n\n<p>Las cookies son obligatorias para el uso de BulldozAIR y por consiguiente deben ser aceptadas por los Usuarios. Los usuarios pueden configurar su navegador para deshabilitar cookies o para preguntarles antes de aceptar cookies de los sitios web que visitan. Sin embargo, si los usuarios deshabilitan la cookies, puede que no sean capaces de utilizar todas las caracter\u00edsticas de BulldozAIR, el sitio web o todas sus funciones.<\/p>\n\n\n\n<h3 class=\"wp-block-heading\">III. Procesamiento de datos<\/h3>\n\n\n\n<p>Blockbase recolecta y procesa la Informaci\u00f3n Personal de los Usuarios de manera justa y legal y respetando sus derechos. Blockbase es \u00edntegramente responsable de procesar los Datos Personales de los Usuarios.<\/p>\n\n\n\n<p>El procesamiento de los Datos Personales de los Usuarios hecho por Blockbase est\u00e1 registrado en el Registro Franc\u00e9s: \u201cCommission Nationale de l\u2019Informatique et des Libert\u00e9s\u201d (CNIL).<\/p>\n\n\n\n<h3 class=\"wp-block-heading\">IV. Retenci\u00f3n de Datos Personales de los Usuarios<\/h3>\n\n\n\n<p><strong>4.1. Seguridad<\/strong><br>La Informaci\u00f3n Personal comunicada por los Usuarios es alojada por Blockbase.<br>Blockbase realiza su mejor esfuerzo para prevenir cualquier interferencia con la Informaci\u00f3n Personal de los Usuarios como p\u00e9rdidas, desv\u00edos, intrusiones, divulgaci\u00f3n no autorizada, alteraci\u00f3n o destrucci\u00f3n.<br>La informaci\u00f3n Personal procesada por Blockbase puede ser retenida si es necesario para cumplir con nuestras obligaciones legales, resoluci\u00f3n de disputas y para mantener nuestros acuerdos sin perjuicio.<\/p>\n\n\n\n<p><strong>4.2. Cancelaci\u00f3n de Cuenta&nbsp;<\/strong><br>Los Usuarios pueden pedir que se cancele su Cuenta seg\u00fan los T\u00e9rminos. Sus datos ser\u00e1n eliminados por Blockbase sin perjuicio para la secci\u00f3n 4.1<\/p>\n\n\n\n<h3 class=\"wp-block-heading\">V. Transferencia de la Informaci\u00f3n Personal de los Usuarios<\/h3>\n\n\n\n<p>Para ejecutar algunas funciones de BulldozAIR, los Datos Personales de los Usuarios (como nombres y direcciones) pueden transitar a trav\u00e9s de los proveedores de Blockbase, incluyendo pero sin estar limitados a: MailChimp, Mailjet, SendGrid.<br>Blockbase puede proveer la Informaci\u00f3n Personal de los Usuarios si est\u00e1 obligada por ley o por una corte.<\/p>\n\n\n\n<h3 class=\"wp-block-heading\">VI. Comunicaci\u00f3n de Blockbase<\/h3>\n\n\n\n<p>Blockbase puede enviar emails a Usuarios a la cuenta de email asociada a su cuenta con prop\u00f3sitos t\u00e9cnicos o administrativos o para informar a los Usuarios acerca de la evoluci\u00f3n de sus servicios. Blockbase puede enviar ofertas comerciales no relacionadas a BulldozAIR a los Usuarios, pero los Usuarios pueden desuscribirse en cualquier momento.<\/p>\n\n\n\n<h3 class=\"wp-block-heading\">VII. Derecho a Acceder, Modificar y Borrar Informaci\u00f3n Personal de los Usuarios<\/h3>\n\n\n\n<p>En cumplimiento con el estatuto Frances \u201cInformatique et Libert\u00e9s\u201d fechado el 6 de Enero de 1978, los Usuarios tienen derecho a acceder, modificar, objetar el procesamiento de, y peticionar el borrado de la Informaci\u00f3n Personal recolectada o procesada por Blockbase (exceptuando las excepciones de la secci\u00f3n IV)<br>Los usuarios pueden ejercer este derecho escribiendo a Blockbase a&nbsp;<a href=\"mailto:support@bulldozair.com\">support@bulldozair.com<\/a>.<br>Los usuarios tambi\u00e9n pueden modificar sus Datos Personales directamente desde su Cuenta.<\/p>\n","protected":false},"excerpt":{"rendered":"<p>Pol\u00edtica de Privacidad de BulldozAIRBlockbase SASOficina central:&nbsp;130, rue de Lourmel, 75015, Paris, FranceN\u00famero siret:&nbsp;751 564 006 00045C\u00f3digo NAF:&nbsp;6312ZEditor:&nbsp;Ali El Hariri, CEO Blockbase SASEmail:&nbsp;legal@bulldozair.comHosting del sitio:&nbsp;El sitio&nbsp;www.bulldozair.com&nbsp;est\u00e1 alojado por Microsoft con domicilio registrado en France 39, quai of President Roosevelt, 92130, Issy les MoulineauxTel\u00e9fono:&nbsp;+33 1 84 17 32 89 Esta Pol\u00edtica de Privacidad (\u201cPol\u00edtica de Privacidad\u201d) [&hellip;]<\/p>\n","protected":false},"author":2,"featured_media":0,"parent":0,"menu_order":0,"comment_status":"closed","ping_status":"closed","template":"","meta":{"content-type":"","footnotes":""},"acf":[],"yoast_head":"<!-- This site is optimized with the Yoast SEO plugin v21.8 - https:\/\/yoast.com\/wordpress\/plugins\/seo\/ -->\n<title>Pol\u00edtica de Privacidad - Blog Bulldozair by Mezzoteam<\/title>\n<meta name=\"robots\" content=\"index, follow, max-snippet:-1, max-image-preview:large, max-video-preview:-1\" \/>\n<link rel=\"canonical\" href=\"https:\/\/blog.bulldozair.com\/es\/politica-de-privacidad\" \/>\n<meta property=\"og:locale\" content=\"es_ES\" \/>\n<meta property=\"og:type\" content=\"article\" \/>\n<meta property=\"og:title\" content=\"Pol\u00edtica de Privacidad - Blog Bulldozair by Mezzoteam\" \/>\n<meta property=\"og:description\" content=\"Pol\u00edtica de Privacidad de BulldozAIRBlockbase SASOficina central:&nbsp;130, rue de Lourmel, 75015, Paris, FranceN\u00famero siret:&nbsp;751 564 006 00045C\u00f3digo NAF:&nbsp;6312ZEditor:&nbsp;Ali El Hariri, CEO Blockbase SASEmail:&nbsp;legal@bulldozair.comHosting del sitio:&nbsp;El sitio&nbsp;www.bulldozair.com&nbsp;est\u00e1 alojado por Microsoft con domicilio registrado en France 39, quai of President Roosevelt, 92130, Issy les MoulineauxTel\u00e9fono:&nbsp;+33 1 84 17 32 89 Esta Pol\u00edtica de Privacidad (\u201cPol\u00edtica de Privacidad\u201d) [&hellip;]\" \/>\n<meta property=\"og:url\" content=\"https:\/\/blog.bulldozair.com\/es\/politica-de-privacidad\" \/>\n<meta property=\"og:site_name\" content=\"Blog Bulldozair by Mezzoteam\" \/>\n<meta name=\"twitter:card\" content=\"summary_large_image\" \/>\n<meta name=\"twitter:label1\" content=\"Tiempo de lectura\" \/>\n\t<meta name=\"twitter:data1\" content=\"5 minutos\" \/>\n<script type=\"application\/ld+json\" class=\"yoast-schema-graph\">{\"@context\":\"https:\/\/schema.org\",\"@graph\":[{\"@type\":\"WebPage\",\"@id\":\"https:\/\/blog.bulldozair.com\/es\/politica-de-privacidad\",\"url\":\"https:\/\/blog.bulldozair.com\/es\/politica-de-privacidad\",\"name\":\"Pol\u00edtica de Privacidad - Blog Bulldozair by Mezzoteam\",\"isPartOf\":{\"@id\":\"https:\/\/blog.bulldozair.com\/fr\/#website\"},\"datePublished\":\"2021-01-13T12:23:24+00:00\",\"dateModified\":\"2021-01-13T12:23:24+00:00\",\"breadcrumb\":{\"@id\":\"https:\/\/blog.bulldozair.com\/es\/politica-de-privacidad#breadcrumb\"},\"inLanguage\":\"es\",\"potentialAction\":[{\"@type\":\"ReadAction\",\"target\":[\"https:\/\/blog.bulldozair.com\/es\/politica-de-privacidad\"]}]},{\"@type\":\"BreadcrumbList\",\"@id\":\"https:\/\/blog.bulldozair.com\/es\/politica-de-privacidad#breadcrumb\",\"itemListElement\":[{\"@type\":\"ListItem\",\"position\":1,\"name\":\"Blog\",\"item\":\"https:\/\/blog.bulldozair.com\/es\"},{\"@type\":\"ListItem\",\"position\":2,\"name\":\"Pol\u00edtica de Privacidad\"}]},{\"@type\":\"WebSite\",\"@id\":\"https:\/\/blog.bulldozair.com\/fr\/#website\",\"url\":\"https:\/\/blog.bulldozair.com\/fr\/\",\"name\":\"Blog Bulldozair by Mezzoteam\",\"description\":\"Construction technology and proptech news, updates about Bulldozair company and product\",\"potentialAction\":[{\"@type\":\"SearchAction\",\"target\":{\"@type\":\"EntryPoint\",\"urlTemplate\":\"https:\/\/blog.bulldozair.com\/fr\/?s={search_term_string}\"},\"query-input\":\"required name=search_term_string\"}],\"inLanguage\":\"es\"}]}<\/script>\n<!-- \/ Yoast SEO plugin. -->","yoast_head_json":{"title":"Pol\u00edtica de Privacidad - Blog Bulldozair by Mezzoteam","robots":{"index":"index","follow":"follow","max-snippet":"max-snippet:-1","max-image-preview":"max-image-preview:large","max-video-preview":"max-video-preview:-1"},"canonical":"https:\/\/blog.bulldozair.com\/es\/politica-de-privacidad","og_locale":"es_ES","og_type":"article","og_title":"Pol\u00edtica de Privacidad - Blog Bulldozair by Mezzoteam","og_description":"Pol\u00edtica de Privacidad de BulldozAIRBlockbase SASOficina central:&nbsp;130, rue de Lourmel, 75015, Paris, FranceN\u00famero siret:&nbsp;751 564 006 00045C\u00f3digo NAF:&nbsp;6312ZEditor:&nbsp;Ali El Hariri, CEO Blockbase SASEmail:&nbsp;legal@bulldozair.comHosting del sitio:&nbsp;El sitio&nbsp;www.bulldozair.com&nbsp;est\u00e1 alojado por Microsoft con domicilio registrado en France 39, quai of President Roosevelt, 92130, Issy les MoulineauxTel\u00e9fono:&nbsp;+33 1 84 17 32 89 Esta Pol\u00edtica de Privacidad (\u201cPol\u00edtica de Privacidad\u201d) [&hellip;]","og_url":"https:\/\/blog.bulldozair.com\/es\/politica-de-privacidad","og_site_name":"Blog Bulldozair by Mezzoteam","twitter_card":"summary_large_image","twitter_misc":{"Tiempo de lectura":"5 minutos"},"schema":{"@context":"https:\/\/schema.org","@graph":[{"@type":"WebPage","@id":"https:\/\/blog.bulldozair.com\/es\/politica-de-privacidad","url":"https:\/\/blog.bulldozair.com\/es\/politica-de-privacidad","name":"Pol\u00edtica de Privacidad - Blog Bulldozair by Mezzoteam","isPartOf":{"@id":"https:\/\/blog.bulldozair.com\/fr\/#website"},"datePublished":"2021-01-13T12:23:24+00:00","dateModified":"2021-01-13T12:23:24+00:00","breadcrumb":{"@id":"https:\/\/blog.bulldozair.com\/es\/politica-de-privacidad#breadcrumb"},"inLanguage":"es","potentialAction":[{"@type":"ReadAction","target":["https:\/\/blog.bulldozair.com\/es\/politica-de-privacidad"]}]},{"@type":"BreadcrumbList","@id":"https:\/\/blog.bulldozair.com\/es\/politica-de-privacidad#breadcrumb","itemListElement":[{"@type":"ListItem","position":1,"name":"Blog","item":"https:\/\/blog.bulldozair.com\/es"},{"@type":"ListItem","position":2,"name":"Pol\u00edtica de Privacidad"}]},{"@type":"WebSite","@id":"https:\/\/blog.bulldozair.com\/fr\/#website","url":"https:\/\/blog.bulldozair.com\/fr\/","name":"Blog Bulldozair by Mezzoteam","description":"Construction technology and proptech news, updates about Bulldozair company and product","potentialAction":[{"@type":"SearchAction","target":{"@type":"EntryPoint","urlTemplate":"https:\/\/blog.bulldozair.com\/fr\/?s={search_term_string}"},"query-input":"required name=search_term_string"}],"inLanguage":"es"}]}},"_links":{"self":[{"href":"https:\/\/blog.bulldozair.com\/es\/wp-json\/wp\/v2\/pages\/3840"}],"collection":[{"href":"https:\/\/blog.bulldozair.com\/es\/wp-json\/wp\/v2\/pages"}],"about":[{"href":"https:\/\/blog.bulldozair.com\/es\/wp-json\/wp\/v2\/types\/page"}],"author":[{"embeddable":true,"href":"https:\/\/blog.bulldozair.com\/es\/wp-json\/wp\/v2\/users\/2"}],"replies":[{"embeddable":true,"href":"https:\/\/blog.bulldozair.com\/es\/wp-json\/wp\/v2\/comments?post=3840"}],"version-history":[{"count":1,"href":"https:\/\/blog.bulldozair.com\/es\/wp-json\/wp\/v2\/pages\/3840\/revisions"}],"predecessor-version":[{"id":3841,"href":"https:\/\/blog.bulldozair.com\/es\/wp-json\/wp\/v2\/pages\/3840\/revisions\/3841"}],"wp:attachment":[{"href":"https:\/\/blog.bulldozair.com\/es\/wp-json\/wp\/v2\/media?parent=3840"}],"curies":[{"name":"wp","href":"https:\/\/api.w.org\/{rel}","templated":true}]}}